{"id":1648,"date":"2015-12-14T21:48:16","date_gmt":"2015-12-14T20:48:16","guid":{"rendered":"http:\/\/www.laplacestmartin.fr\/wordpress\/?page_id=1648"},"modified":"2025-02-03T14:24:15","modified_gmt":"2025-02-03T13:24:15","slug":"annuaire-de-liens","status":"publish","type":"page","link":"http:\/\/www.laplacestmartin.fr\/en\/annuaire-de-liens\/","title":{"rendered":"Links directory"},"content":{"rendered":"<p><\/p>\n<h2>Quality establishments, managed by friends of ours, here and there:<\/h2>\n<ul>\n<li><a href=\"http:\/\/www.ecoleattelageduray.com\/\" target=\"_blank\" rel=\"noopener\"><img decoding=\"async\" title=\"Ecole d'Attelage du Ray\" src=\"http:\/\/laplacestmartin.fr\/images\/AttelageDuRay.jpg\" alt=\"\" border=\"0\" \/><\/a><\/li>\n<li><a href=\"http:\/\/www.riad-zayane.com\" target=\"_blank\" rel=\"noopener\"><img loading=\"lazy\" decoding=\"async\" title=\"Riad-Zayane-Atlas\" src=\"http:\/\/laplacestmartin.fr\/images\/riad-zayane.jpg\" alt=\"\" width=\"506\" height=\"52\" border=\"0\" \/><\/a><\/li>\n<\/ul>\n<hr\/>\n<h2>Good sites and guides with &#8220;La Place Saint Martin&#8221; entries :<\/h2>\n<ul>\n<li><a href=\"http:\/\/www.tourist-office.org\" target=\"_blank\" rel=\"noopener\">Office de tourisme du monde<\/a><\/li>\n<li><a href=\"http:\/\/www.chambres-hotes.org\" target=\"_blank\" rel=\"noopener\">chambres-hotes.org<\/a><\/li>\n<li><a href=\"http:\/\/www.chambres-d-hotes.la-france.org\" target=\"_blank\" rel=\"noopener\">www.chambres-d-hotes.la-france.org<\/a><\/li>\n<li><a title=\"chambres-guide.com\" href=\"http:\/\/www.chambres-guide.com\"><img loading=\"lazy\" decoding=\"async\" src=\"http:\/\/www.chambres-guide.com\/images\/logo2.png\" alt=\"Chambres Guide\" width=\"233\" height=\"45\" \/><\/a><\/li>\n<li><a href=\"http:\/\/www.chambresdhotes.org\/\"><img loading=\"lazy\" decoding=\"async\" src=\"http:\/\/www.chambresdhotes.org\/banner.jpg\" alt=\"Chambres D'Hotes .org\" width=\"468\" height=\"60\" border=\"0\" \/>\n<p><\/a><\/li>\n<li><a href=\"http:\/\/www.cityzeum.com\" target=\"_blank\" rel=\"noopener\">cityzeum.com<\/a><\/li>\n<li><a href=\"http:\/\/www.lescommunes.com\" target=\"_blank\" rel=\"noopener\"><img decoding=\"async\" src=\"http:\/\/www.lescommunes.com\/images\/commune_logo.gif\" alt=\"Villes et communes de France, www.lescommunes.com\" border=\"0\" \/><br \/>\nwww.lescommunes.com<\/a><\/li>\n<li><a title=\"Site r\u00e9f\u00e9renc\u00e9 sur Meetoyen\" href=\"http:\/\/location.mon-guide.info\/presentation-la,place,saint,martin.html\" target=\"_blank\" rel=\"noopener\"><img decoding=\"async\" src=\"http:\/\/www.guide-france.info\/meetoyen.jpg\" alt=\"La Place Saint Martin\" border=\"0\" \/><\/a><\/li>\n<li><a title=\"Annuaire pour le R\u00e9f\u00e9rencement Google\" href=\"http:\/\/annuaire.yagoort.org\">Annuaire Webmaster<\/a><\/li>\n<\/ul>\n<p><\/p>","protected":false},"excerpt":{"rendered":"<p>Quality establishments, managed by friends of ours, here and there: Good sites and guides with &#8220;La Place Saint Martin&#8221; entries : Office de tourisme du monde chambres-hotes.org www.chambres-d-hotes.la-france.org cityzeum.com www.lescommunes.com Annuaire Webmaster<\/p>\n","protected":false},"author":1,"featured_media":0,"parent":0,"menu_order":0,"comment_status":"closed","ping_status":"closed","template":"","meta":{"footnotes":""},"class_list":["post-1648","page","type-page","status-publish","hentry"],"_links":{"self":[{"href":"http:\/\/www.laplacestmartin.fr\/en\/wp-json\/wp\/v2\/pages\/1648","targetHints":{"allow":["GET"]}}],"collection":[{"href":"http:\/\/www.laplacestmartin.fr\/en\/wp-json\/wp\/v2\/pages"}],"about":[{"href":"http:\/\/www.laplacestmartin.fr\/en\/wp-json\/wp\/v2\/types\/page"}],"author":[{"embeddable":true,"href":"http:\/\/www.laplacestmartin.fr\/en\/wp-json\/wp\/v2\/users\/1"}],"replies":[{"embeddable":true,"href":"http:\/\/www.laplacestmartin.fr\/en\/wp-json\/wp\/v2\/comments?post=1648"}],"version-history":[{"count":10,"href":"http:\/\/www.laplacestmartin.fr\/en\/wp-json\/wp\/v2\/pages\/1648\/revisions"}],"predecessor-version":[{"id":2292,"href":"http:\/\/www.laplacestmartin.fr\/en\/wp-json\/wp\/v2\/pages\/1648\/revisions\/2292"}],"wp:attachment":[{"href":"http:\/\/www.laplacestmartin.fr\/en\/wp-json\/wp\/v2\/media?parent=1648"}],"curies":[{"name":"wp","href":"https:\/\/api.w.org\/{rel}","templated":true}]}}